{"id":9342,"date":"2021-03-20T15:42:17","date_gmt":"2021-03-20T15:42:17","guid":{"rendered":"https:\/\/stuntt-boardwear.com\/?post_type=product&#038;p=9342"},"modified":"2021-03-20T20:14:59","modified_gmt":"2021-03-20T20:14:59","slug":"surfnsea-teal","status":"publish","type":"product","link":"https:\/\/stuntt-boardwear.com\/shop\/shop\/maedels\/shirts-maedels\/surfnsea-teal\/","title":{"rendered":"SURF&#8217;N&#8217;SEA \/ TEAL"},"content":{"rendered":"<p>Farbe: teal<\/p>\n<p class=\"p1\"><span class=\"s1\">Ob sportlich zur Jeans oder feminin zum Rock: Dieses Extended Shoulder Tee ist ein l\u00e4ssiges Basic-Piece f\u00fcr jeden Tag. Das Shirt zeigt sich mit einem langen Schnitt und verk\u00fcrzten \u00c4rmeln. Ton-in-Ton N\u00e4hte und ein Rundhalsausschnitt tragen zum typischen Look bei.<\/span><\/p>\n<p class=\"p1\"><span class=\"s1\">Material: 100% Baumwolle, Single Jersey, 140 GSM<\/span><\/p>\n<h3>GR\u00d6SSENTABELLE<\/h3>\n<p><img loading=\"lazy\" data-src=\"https:\/\/i0.wp.com\/stuntt-boardwear.com\/wp-content\/uploads\/2020\/06\/shirt-girls.png?resize=150%2C155&#038;ssl=1\" alt=\"\" width=\"150\" height=\"155\" class=\"alignnone wp-image-5946 lazyload\" data-srcset=\"https:\/\/i0.wp.com\/stuntt-boardwear.com\/wp-content\/uploads\/2020\/06\/shirt-girls.png?resize=290%2C300&amp;ssl=1 290w, https:\/\/i0.wp.com\/stuntt-boardwear.com\/wp-content\/uploads\/2020\/06\/shirt-girls.png?w=500&amp;ssl=1 500w\" data-sizes=\"(max-width: 150px) 100vw, 150px\" data-recalc-dims=\"1\" src=\"data:image\/gif;base64,R0lGODlhAQABAAAAACH5BAEKAAEALAAAAAABAAEAAAICTAEAOw==\" style=\"--smush-placeholder-width: 150px; --smush-placeholder-aspect-ratio: 150\/155;\" \/><noscript><img loading=\"lazy\" src=\"https:\/\/i0.wp.com\/stuntt-boardwear.com\/wp-content\/uploads\/2020\/06\/shirt-girls.png?resize=150%2C155&#038;ssl=1\" alt=\"\" width=\"150\" height=\"155\" class=\"alignnone wp-image-5946\" srcset=\"https:\/\/i0.wp.com\/stuntt-boardwear.com\/wp-content\/uploads\/2020\/06\/shirt-girls.png?resize=290%2C300&amp;ssl=1 290w, https:\/\/i0.wp.com\/stuntt-boardwear.com\/wp-content\/uploads\/2020\/06\/shirt-girls.png?w=500&amp;ssl=1 500w\" sizes=\"(max-width: 150px) 100vw, 150px\" data-recalc-dims=\"1\" \/><\/noscript><\/p>\n<table border=\"0\" cellpadding=\"0\" cellspacing=\"0\" width=\"522\" style=\"border-collapse: collapse; width: 390pt;\">\n<colgroup>\n<col width=\"87\" span=\"6\" style=\"width: 65pt;\" \/> <\/colgroup>\n<tbody>\n<tr height=\"21\" style=\"height: 16.0pt;\">\n<td height=\"21\" class=\"xl65\" width=\"87\" style=\"height: 16.0pt; width: 65pt;\"><\/td>\n<td class=\"xl66\" width=\"87\" style=\"width: 65pt;\"><strong>XS<\/strong><\/td>\n<td class=\"xl66\" width=\"87\" style=\"border-left: none; width: 65pt;\"><strong>S<\/strong><\/td>\n<td class=\"xl66\" width=\"87\" style=\"border-left: none; width: 65pt;\"><strong>M<\/strong><\/td>\n<td class=\"xl66\" width=\"87\" style=\"border-left: none; width: 65pt;\"><strong>L<\/strong><\/td>\n<td class=\"xl66\" width=\"87\" style=\"border-left: none; width: 65pt;\"><strong>XL<\/strong><\/td>\n<\/tr>\n<tr height=\"20\" style=\"height: 15.0pt;\">\n<td height=\"20\" class=\"xl67\" style=\"height: 15.0pt; border-top: none;\"><strong>A<\/strong><\/td>\n<td class=\"xl68\" style=\"border-top: none; border-left: none;\">65<\/td>\n<td class=\"xl69\" style=\"border-top: none; border-left: none;\">67<\/td>\n<td class=\"xl68\" style=\"border-top: none; border-left: none;\">69<\/td>\n<td class=\"xl68\" style=\"border-top: none; border-left: none;\">71<\/td>\n<td class=\"xl70\" style=\"border-top: none; border-left: none;\">73<\/td>\n<\/tr>\n<tr height=\"20\" style=\"height: 15.0pt;\">\n<td height=\"20\" class=\"xl71\" style=\"height: 15.0pt; border-top: none;\"><strong>B<\/strong><\/td>\n<td class=\"xl72\" style=\"border-top: none; border-left: none;\">49<\/td>\n<td class=\"xl73\" style=\"border-top: none; border-left: none;\">51,5<\/td>\n<td class=\"xl74\" style=\"border-top: none; border-left: none;\">54<\/td>\n<td class=\"xl72\" style=\"border-top: none; border-left: none;\">56,5<\/td>\n<td class=\"xl75\" style=\"border-top: none; border-left: none;\">59<\/td>\n<\/tr>\n<\/tbody>\n<\/table>\n","protected":false},"excerpt":{"rendered":"<p>Farbe: teal Ob sportlich zur Jeans oder feminin zum Rock: Dieses Extended Shoulder Tee ist ein l\u00e4ssiges Basic-Piece f\u00fcr jeden Tag. Das Shirt zeigt sich mit einem langen Schnitt und verk\u00fcrzten \u00c4rmeln. Ton-in-Ton N\u00e4hte und ein Rundhalsausschnitt tragen zum typischen Look bei. Material: 100% Baumwolle, Single Jersey, 140 GSM GR\u00d6SSENTABELLE [&hellip;]<\/p>\n","protected":false},"featured_media":9018,"comment_status":"open","ping_status":"closed","template":"","meta":[],"product_cat":[236,23,27],"product_tag":[210],"_links":{"self":[{"href":"https:\/\/stuntt-boardwear.com\/shop\/wp-json\/wp\/v2\/product\/9342"}],"collection":[{"href":"https:\/\/stuntt-boardwear.com\/shop\/wp-json\/wp\/v2\/product"}],"about":[{"href":"https:\/\/stuntt-boardwear.com\/shop\/wp-json\/wp\/v2\/types\/product"}],"replies":[{"embeddable":true,"href":"https:\/\/stuntt-boardwear.com\/shop\/wp-json\/wp\/v2\/comments?post=9342"}],"version-history":[{"count":0,"href":"https:\/\/stuntt-boardwear.com\/shop\/wp-json\/wp\/v2\/product\/9342\/revisions"}],"wp:featuredmedia":[{"embeddable":true,"href":"https:\/\/stuntt-boardwear.com\/shop\/wp-json\/wp\/v2\/media\/9018"}],"wp:attachment":[{"href":"https:\/\/stuntt-boardwear.com\/shop\/wp-json\/wp\/v2\/media?parent=9342"}],"wp:term":[{"taxonomy":"product_cat","embeddable":true,"href":"https:\/\/stuntt-boardwear.com\/shop\/wp-json\/wp\/v2\/product_cat?post=9342"},{"taxonomy":"product_tag","embeddable":true,"href":"https:\/\/stuntt-boardwear.com\/shop\/wp-json\/wp\/v2\/product_tag?post=9342"}],"curies":[{"name":"wp","href":"https:\/\/api.w.org\/{rel}","templated":true}]}}