{"id":6067,"date":"2020-10-21T11:25:01","date_gmt":"2020-10-21T11:25:01","guid":{"rendered":"https:\/\/stuntt-boardwear.com\/?post_type=product&#038;p=6067"},"modified":"2021-02-14T01:06:55","modified_gmt":"2021-02-14T01:06:55","slug":"the-summit-hibiskus-pink","status":"publish","type":"product","link":"https:\/\/stuntt-boardwear.com\/shop\/shop\/jungs-2\/hoodies-jungs-2\/the-summit-hibiskus-pink\/","title":{"rendered":"THE SUMMIT \/ HIBISKUS PINK"},"content":{"rendered":"<p>Farbe: hibiskus pink \/\/<\/p>\n<p class=\"p1\"><span class=\"s1\">Dieser schwere Kapuzenpulli ist dein Begleiter sowohl f\u00fcr entspannte Momente als auch wenn Action angesagt ist. Sein l\u00e4ssiger, langer Schnitt versteht sich optimal mit den charakteristischen Details wie der verstellbaren Kapuze oder der ger\u00e4umigen K\u00e4ngurutasche. Breite Rippb\u00fcndchen am Saum und den \u00c4rmelabschl\u00fcssen runden den Style ab.<\/span><\/p>\n<p class=\"p2\"><span class=\"s1\">Material: 65% Baumwolle 35% Polyester, Brushed Fleece, 300 GSM<\/span><\/p>\n<h3><\/h3>\n<h3>GR\u00d6SSENTABELLE<\/h3>\n<p><img loading=\"lazy\" data-src=\"https:\/\/i0.wp.com\/stuntt-boardwear.com\/wp-content\/uploads\/2020\/09\/hoodie_neu.png?resize=150%2C187&#038;ssl=1\" alt=\"\" width=\"150\" height=\"187\" class=\"alignnone wp-image-5949 lazyload\" data-srcset=\"https:\/\/i0.wp.com\/stuntt-boardwear.com\/wp-content\/uploads\/2020\/09\/hoodie_neu.png?w=500&amp;ssl=1 500w, https:\/\/i0.wp.com\/stuntt-boardwear.com\/wp-content\/uploads\/2020\/09\/hoodie_neu.png?resize=240%2C300&amp;ssl=1 240w\" data-sizes=\"(max-width: 150px) 100vw, 150px\" data-recalc-dims=\"1\" src=\"data:image\/gif;base64,R0lGODlhAQABAAAAACH5BAEKAAEALAAAAAABAAEAAAICTAEAOw==\" style=\"--smush-placeholder-width: 150px; --smush-placeholder-aspect-ratio: 150\/187;\" \/><noscript><img loading=\"lazy\" src=\"https:\/\/i0.wp.com\/stuntt-boardwear.com\/wp-content\/uploads\/2020\/09\/hoodie_neu.png?resize=150%2C187&#038;ssl=1\" alt=\"\" width=\"150\" height=\"187\" class=\"alignnone wp-image-5949\" srcset=\"https:\/\/i0.wp.com\/stuntt-boardwear.com\/wp-content\/uploads\/2020\/09\/hoodie_neu.png?w=500&amp;ssl=1 500w, https:\/\/i0.wp.com\/stuntt-boardwear.com\/wp-content\/uploads\/2020\/09\/hoodie_neu.png?resize=240%2C300&amp;ssl=1 240w\" sizes=\"(max-width: 150px) 100vw, 150px\" data-recalc-dims=\"1\" \/><\/noscript><\/p>\n<table border=\"0\" cellpadding=\"0\" cellspacing=\"0\" width=\"522\" style=\"border-collapse: collapse; width: 390pt;\">\n<colgroup>\n<col width=\"87\" span=\"6\" style=\"width: 65pt;\" \/> <\/colgroup>\n<tbody>\n<tr height=\"20\" style=\"height: 15.0pt;\">\n<td height=\"20\" class=\"xl69\" width=\"87\" style=\"height: 15.0pt; width: 65pt;\"><strong>\u00a0<\/strong><\/td>\n<td class=\"xl64\" width=\"87\" style=\"border-left: none; width: 65pt;\"><strong>S<\/strong><\/td>\n<td class=\"xl65\" width=\"87\" style=\"width: 65pt;\"><strong>M<\/strong><\/td>\n<td class=\"xl66\" width=\"87\" style=\"width: 65pt;\"><strong>L<\/strong><\/td>\n<td class=\"xl67\" width=\"87\" style=\"border-left: none; width: 65pt;\"><strong>XL<\/strong><\/td>\n<td class=\"xl68\" width=\"87\" style=\"border-left: none; width: 65pt;\"><strong>XXL<\/strong><\/td>\n<\/tr>\n<tr height=\"20\" style=\"height: 15.0pt;\">\n<td height=\"20\" class=\"xl70\" style=\"height: 15.0pt; border-top: none;\"><strong>A<\/strong><\/td>\n<td class=\"xl71\" style=\"border-left: none;\">71<\/td>\n<td class=\"xl71\" style=\"border-left: none;\">73<\/td>\n<td class=\"xl71\" style=\"border-left: none;\">75<\/td>\n<td class=\"xl71\" style=\"border-left: none;\">77<\/td>\n<td class=\"xl72\" style=\"border-left: none;\">79<\/td>\n<\/tr>\n<tr height=\"20\" style=\"height: 15.0pt;\">\n<td height=\"20\" class=\"xl70\" style=\"height: 15.0pt; border-top: none;\"><strong>B<\/strong><\/td>\n<td class=\"xl71\" style=\"border-top: none; border-left: none;\">55<\/td>\n<td class=\"xl71\" style=\"border-top: none; border-left: none;\">58<\/td>\n<td class=\"xl71\" style=\"border-top: none; border-left: none;\">61<\/td>\n<td class=\"xl71\" style=\"border-top: none; border-left: none;\">64<\/td>\n<td class=\"xl72\" style=\"border-top: none; border-left: none;\">67<\/td>\n<\/tr>\n<tr height=\"20\" style=\"height: 15.0pt;\">\n<td height=\"20\" class=\"xl70\" style=\"height: 15.0pt; border-top: none;\"><strong>C<\/strong><\/td>\n<td class=\"xl71\" style=\"border-top: none; border-left: none;\">42<\/td>\n<td class=\"xl71\" style=\"border-top: none; border-left: none;\">45<\/td>\n<td class=\"xl71\" style=\"border-top: none; border-left: none;\">48<\/td>\n<td class=\"xl71\" style=\"border-top: none; border-left: none;\">51<\/td>\n<td class=\"xl72\" style=\"border-top: none; border-left: none;\">54<\/td>\n<\/tr>\n<tr height=\"20\" style=\"height: 15.0pt;\">\n<td height=\"20\" class=\"xl70\" style=\"height: 15.0pt; border-top: none;\"><strong>D<\/strong><\/td>\n<td class=\"xl71\" style=\"border-top: none; border-left: none;\">68<\/td>\n<td class=\"xl71\" style=\"border-top: none; border-left: none;\">69<\/td>\n<td class=\"xl71\" style=\"border-top: none; border-left: none;\">70<\/td>\n<td class=\"xl71\" style=\"border-top: none; border-left: none;\">71<\/td>\n<td class=\"xl72\" style=\"border-top: none; border-left: none;\">72<\/td>\n<\/tr>\n<\/tbody>\n<\/table>\n<p class=\"p2\">\n","protected":false},"excerpt":{"rendered":"<p>Farbe: hibiskus pink \/\/ Dieser schwere Kapuzenpulli ist dein Begleiter sowohl f\u00fcr entspannte Momente als auch wenn Action angesagt ist. Sein l\u00e4ssiger, langer Schnitt versteht sich optimal mit den charakteristischen Details wie der verstellbaren Kapuze oder der ger\u00e4umigen K\u00e4ngurutasche. Breite Rippb\u00fcndchen am Saum und den \u00c4rmelabschl\u00fcssen runden den Style ab. [&hellip;]<\/p>\n","protected":false},"featured_media":6074,"comment_status":"open","ping_status":"closed","template":"","meta":[],"product_cat":[115,117,22,24],"product_tag":[209],"_links":{"self":[{"href":"https:\/\/stuntt-boardwear.com\/shop\/wp-json\/wp\/v2\/product\/6067"}],"collection":[{"href":"https:\/\/stuntt-boardwear.com\/shop\/wp-json\/wp\/v2\/product"}],"about":[{"href":"https:\/\/stuntt-boardwear.com\/shop\/wp-json\/wp\/v2\/types\/product"}],"replies":[{"embeddable":true,"href":"https:\/\/stuntt-boardwear.com\/shop\/wp-json\/wp\/v2\/comments?post=6067"}],"version-history":[{"count":0,"href":"https:\/\/stuntt-boardwear.com\/shop\/wp-json\/wp\/v2\/product\/6067\/revisions"}],"wp:featuredmedia":[{"embeddable":true,"href":"https:\/\/stuntt-boardwear.com\/shop\/wp-json\/wp\/v2\/media\/6074"}],"wp:attachment":[{"href":"https:\/\/stuntt-boardwear.com\/shop\/wp-json\/wp\/v2\/media?parent=6067"}],"wp:term":[{"taxonomy":"product_cat","embeddable":true,"href":"https:\/\/stuntt-boardwear.com\/shop\/wp-json\/wp\/v2\/product_cat?post=6067"},{"taxonomy":"product_tag","embeddable":true,"href":"https:\/\/stuntt-boardwear.com\/shop\/wp-json\/wp\/v2\/product_tag?post=6067"}],"curies":[{"name":"wp","href":"https:\/\/api.w.org\/{rel}","templated":true}]}}