{"id":5712,"date":"2020-06-14T22:14:47","date_gmt":"2020-06-14T22:14:47","guid":{"rendered":"https:\/\/stuntt-boardwear.com\/?post_type=product&#038;p=5712"},"modified":"2022-06-16T14:07:14","modified_gmt":"2022-06-16T14:07:14","slug":"the-zebra-zip-hoody-2","status":"publish","type":"product","link":"https:\/\/stuntt-boardwear.com\/shop\/shop\/jungs-2\/zip-hoodies-jungs-2\/the-zebra-zip-hoody-2\/","title":{"rendered":"THE ZEBRA &#8211; ZIP HOODY \/ HEATHER GREY"},"content":{"rendered":"<p>Farbe: heather grey \/\/<\/p>\n<p class=\"p1\"><span class=\"s1\">Dieser schwere Kapuzenjacke ist dein Begleiter sowohl f\u00fcr entspannte Momente als auch wenn Action angesagt ist und ein absolutes MUST HAVE. Der l\u00e4ssige, lange Schnitt versteht sich optimal mit den charakteristischen Details wie der verstellbaren Kapuze oder der ger\u00e4umigen, geteilten K\u00e4ngurutasche. Breite Rippb\u00fcndchen am Saum und den \u00c4rmelabschl\u00fcssen runden den Style ab.<\/span><\/p>\n<p class=\"p2\"><span class=\"s1\">Material: 65% Baumwolle 35% Polyester, Brushed Fleece, 300-339 GSM<\/span><\/p>\n","protected":false},"excerpt":{"rendered":"<p>Farbe: heather grey \/\/ Dieser schwere Kapuzenjacke ist dein Begleiter sowohl f\u00fcr entspannte Momente als auch wenn Action angesagt ist und ein absolutes MUST HAVE. Der l\u00e4ssige, lange Schnitt versteht sich optimal mit den charakteristischen Details wie der verstellbaren Kapuze oder der ger\u00e4umigen, geteilten K\u00e4ngurutasche. Breite Rippb\u00fcndchen am Saum und [&hellip;]<\/p>\n","protected":false},"featured_media":5719,"comment_status":"open","ping_status":"closed","template":"","meta":[],"product_cat":[96,100],"product_tag":[209],"_links":{"self":[{"href":"https:\/\/stuntt-boardwear.com\/shop\/wp-json\/wp\/v2\/product\/5712"}],"collection":[{"href":"https:\/\/stuntt-boardwear.com\/shop\/wp-json\/wp\/v2\/product"}],"about":[{"href":"https:\/\/stuntt-boardwear.com\/shop\/wp-json\/wp\/v2\/types\/product"}],"replies":[{"embeddable":true,"href":"https:\/\/stuntt-boardwear.com\/shop\/wp-json\/wp\/v2\/comments?post=5712"}],"version-history":[{"count":0,"href":"https:\/\/stuntt-boardwear.com\/shop\/wp-json\/wp\/v2\/product\/5712\/revisions"}],"wp:featuredmedia":[{"embeddable":true,"href":"https:\/\/stuntt-boardwear.com\/shop\/wp-json\/wp\/v2\/media\/5719"}],"wp:attachment":[{"href":"https:\/\/stuntt-boardwear.com\/shop\/wp-json\/wp\/v2\/media?parent=5712"}],"wp:term":[{"taxonomy":"product_cat","embeddable":true,"href":"https:\/\/stuntt-boardwear.com\/shop\/wp-json\/wp\/v2\/product_cat?post=5712"},{"taxonomy":"product_tag","embeddable":true,"href":"https:\/\/stuntt-boardwear.com\/shop\/wp-json\/wp\/v2\/product_tag?post=5712"}],"curies":[{"name":"wp","href":"https:\/\/api.w.org\/{rel}","templated":true}]}}