{"id":6206,"date":"2021-08-25T16:15:27","date_gmt":"2021-08-25T16:15:27","guid":{"rendered":"https:\/\/stuntt-boardwear.com\/?page_id=6206"},"modified":"2021-08-25T16:17:08","modified_gmt":"2021-08-25T16:17:08","slug":"cookie-richtlinien","status":"publish","type":"page","link":"https:\/\/stuntt-boardwear.com\/shop\/cookie-richtlinien\/","title":{"rendered":"Cookie Richtlinien"},"content":{"rendered":"<div class=\"cli_pg_page_contaner\">\n<h3>\u00dcber diese Richtlinie<\/h3>\n<div>\n<p>In dieser Cookie-Richtlinie wird erkl\u00e4rt, was Cookies sind und wie wir sie verwenden, welche Arten von Cookies wir verwenden, welche Informationen wir mit Hilfe von Cookies sammeln und wie diese Informationen verwendet werden, und wie Sie die Cookie-Einstellungen steuern k\u00f6nnen. Weitere Informationen dar\u00fcber, wie wir Ihre pers\u00f6nlichen Daten verwenden, speichern und sicher aufbewahren, finden Sie in unserer Datenschutzrichtlinie.<\/p>\n<p>Sie k\u00f6nnen Ihre Einwilligung in der Cookie-Erkl\u00e4rung auf unserer Website jederzeit \u00e4ndern oder widerrufen.<br \/>\nWeitere Informationen dar\u00fcber, wer wir sind, wie Sie uns kontaktieren k\u00f6nnen und wie wir personenbezogene Daten verarbeiten, finden Sie in unserer Datenschutzrichtlinie.<br \/>\nIhr Einverst\u00e4ndnis gilt f\u00fcr die folgenden Domains: stuntt-boardwear.com<\/p>\n<div class=\"cli_user_consent_state\">Dein aktueller Status: Keine Einwilligung erteilt. <a class=\"cli_manage_current_consent\" style=\"cursor:pointer;text-decoration:underline;\">Verwalte deine Einwilligung<\/a> <\/div>\n<\/div>\n<h3><\/h3>\n<h3>Was sind Cookies?<\/h3>\n<div>\n<p>Cookies sind kleine Textdateien, die dazu dienen, kleine Informationen zu speichern. Sie werden auf Ihrem Ger\u00e4t gespeichert, wenn die Website in Ihrem Browser geladen wird. Diese Cookies helfen uns, die Website ordnungsgem\u00e4\u00df funktionieren zu lassen, sie sicherer zu machen, eine bessere Benutzererfahrung zu bieten und zu verstehen, wie die Website funktioniert und zu analysieren, was funktioniert und wo sie verbessert werden muss.<\/p>\n<\/div>\n<h3><\/h3>\n<h3>Wie nutzen wir Cookies?<\/h3>\n<div>\n<p>Wie die meisten Online-Dienste verwendet auch unsere Website Erstanbieter- und Drittanbieter-Cookies f\u00fcr verschiedene Zwecke. Cookies von Erstanbietern sind meist notwendig, damit die Website richtig funktioniert, und sie sammeln keine personenbezogenen Daten.<\/p>\n<p>Die Cookies von Drittanbietern, die auf unserer Website verwendet werden, dienen haupts\u00e4chlich dazu, zu verstehen, wie die Website funktioniert, wie Sie mit unserer Website interagieren, unsere Dienste sicher zu halten, Ihnen f\u00fcr Sie relevante Werbung anzubieten und Ihnen insgesamt ein besseres und verbessertes Benutzererlebnis zu bieten und Ihre zuk\u00fcnftigen Interaktionen mit unserer Website zu beschleunigen.<\/p>\n<\/div>\n<h3><\/h3>\n<h3>Welche Arten von Cookies nutzen wir?<\/h3>\n<div>\n<p>Unverzichtbar: Einige Cookies sind unerl\u00e4sslich, damit Sie die volle Funktionalit\u00e4t unserer Website nutzen k\u00f6nnen. Sie erm\u00f6glichen es uns, Benutzersitzungen aufrechtzuerhalten und Sicherheitsbedrohungen zu verhindern. Sie sammeln oder speichern keine pers\u00f6nlichen Informationen. Diese Cookies erm\u00f6glichen es Ihnen zum Beispiel, sich bei Ihrem Konto anzumelden, Produkte in Ihren Warenkorb zu legen und sicher zur Kasse zu gehen.<\/p>\n<p>Statistik: Diese Cookies speichern Informationen wie die Anzahl der Besucher der Website, die Anzahl der einzelnen Besucher, welche Seiten der Website besucht wurden, die Quelle des Besuchs usw. Diese Daten helfen uns zu verstehen und zu analysieren, wie gut die Website funktioniert und wo sie verbessert werden muss.<\/p>\n<p>Vermarktung: Auf unserer Website wird Werbung angezeigt. Diese Cookies werden verwendet, um die Werbung, die wir Ihnen zeigen, so zu personalisieren, dass sie f\u00fcr Sie sinnvoll ist. Diese Cookies helfen uns auch, die Effizienz dieser Werbekampagnen zu verfolgen.<br \/>\nDie in diesen Cookies gespeicherten Informationen k\u00f6nnen auch von Drittanbietern verwendet werden, um Ihnen Werbung auf anderen Websites im Browser anzuzeigen.<\/p>\n<p>Funktional: Dies sind Cookies, die bestimmte nicht-essentielle Funktionen auf unserer Website unterst\u00fctzen. Zu diesen Funktionen geh\u00f6ren das Einbetten von Inhalten wie Videos oder das Teilen von Inhalten der Website auf Social-Media-Plattformen.<\/p>\n<p>Pr\u00e4ferenzen: Diese Cookies helfen uns, Ihre Einstellungen und Browsing-Pr\u00e4ferenzen, wie z. B. Spracheinstellungen, zu speichern, damit Sie bei zuk\u00fcnftigen Besuchen der Website ein besseres und effizienteres Erlebnis haben.<\/p>\n<p>In der folgenden Liste sehen Sie die detaillierte \u00dcbersicht der Cookies die wir benutzen<\/p><table class=\"cookielawinfo-row-cat-table cookielawinfo-classic\"><thead><tr><th class=\"cookielawinfo-column-1\">Cookie<\/th><th class=\"cookielawinfo-column-4\">Beschreibung<\/th><\/tr><\/thead><tbody><tr class=\"cookielawinfo-row\"><td class=\"cookielawinfo-column-1\">cookielawinfo-checkbox-advertisement<\/td><td class=\"cookielawinfo-column-4\">Das Cookie wird durch die GDPR-Cookie-Zustimmung gesetzt, um die Zustimmung des Nutzers f\u00fcr die Cookies der Kategorie \"Werbung\" zu erfassen.<\/td><\/tr><tr class=\"cookielawinfo-row\"><td class=\"cookielawinfo-column-1\">cookielawinfo-checkbox-analytics<\/td><td class=\"cookielawinfo-column-4\">Dieses Cookie wird vom GDPR Cookie Consent WordPress Plugin gesetzt. Das Cookie wird verwendet, um die Zustimmung des Benutzers f\u00fcr die Cookies unter der Kategorie \"Analytics\" zu speichern.<\/td><\/tr><tr class=\"cookielawinfo-row\"><td class=\"cookielawinfo-column-1\">cookielawinfo-checkbox-functional<\/td><td class=\"cookielawinfo-column-4\">Das Cookie wird durch die GDPR-Cookie-Zustimmung gesetzt, um die Zustimmung des Benutzers f\u00fcr die Cookies der Kategorie \"Funktional\" zu erfassen.<\/td><\/tr><tr class=\"cookielawinfo-row\"><td class=\"cookielawinfo-column-1\">cookielawinfo-checkbox-necessary<\/td><td class=\"cookielawinfo-column-4\">Bestimmt, ob der Besucher das Cookie-Zustimmungsfeld akzeptiert hat.<\/td><\/tr><tr class=\"cookielawinfo-row\"><td class=\"cookielawinfo-column-1\">cookielawinfo-checkbox-non-necessary<\/td><td class=\"cookielawinfo-column-4\">Bestimmt, ob der Besucher das Cookie-Zustimmungsfeld akzeptiert hat.<\/td><\/tr><tr class=\"cookielawinfo-row\"><td class=\"cookielawinfo-column-1\">cookielawinfo-checkbox-others<\/td><td class=\"cookielawinfo-column-4\">No description<\/td><\/tr><tr class=\"cookielawinfo-row\"><td class=\"cookielawinfo-column-1\">cookielawinfo-checkbox-performance<\/td><td class=\"cookielawinfo-column-4\">Dieses Cookie wird vom GDPR Cookie Consent Plugin gesetzt. Das Cookie wird verwendet, um die Zustimmung des Benutzers f\u00fcr die Cookies der Kategorie \"Leistung\" zu speichern.<\/td><\/tr><tr class=\"cookielawinfo-row\"><td class=\"cookielawinfo-column-1\">fr<\/td><td class=\"cookielawinfo-column-4\">Das Cookie wird von Facebook gesetzt, um den Nutzern relevante Werbung zu zeigen und die Werbung zu messen und zu verbessern. Das Cookie verfolgt auch das Verhalten des Benutzers im gesamten Web auf Seiten, die \u00fcber das Facebook-Pixel oder das Facebook Social Plugin verf\u00fcgen.<\/td><\/tr><tr class=\"cookielawinfo-row\"><td class=\"cookielawinfo-column-1\">Google Analytics (_ga)<\/td><td class=\"cookielawinfo-column-4\"><p class=\"p1\">Registriert eine eindeutige ID, die verwendet wird, um statistische Daten dazu, wie der Besucher die Website nutzt, zu generieren.<\/p>\r\n<p class=\"p1\">Quelle: https:\/\/www.google-analytics.com\/analytics.js<\/p><\/td><\/tr><tr class=\"cookielawinfo-row\"><td class=\"cookielawinfo-column-1\">Google Analytics (_gat)<\/td><td class=\"cookielawinfo-column-4\">Wird von Google Analytics verwendet, um die Anforderungsrate einzuschr\u00e4nken.\r\n\r\nQuelle: https:\/\/www.google-analytics.com\/analytics.js<\/td><\/tr><tr class=\"cookielawinfo-row\"><td class=\"cookielawinfo-column-1\">Google Analytics (_gid)<\/td><td class=\"cookielawinfo-column-4\">Registriert eine eindeutige ID, die verwendet wird, um statistische Daten dazu, wie der Besucher die Website nutzt, zu generieren.\r\n\r\nQuelle: https:\/\/www.google-analytics.com\/analytics.js<\/td><\/tr><tr class=\"cookielawinfo-row\"><td class=\"cookielawinfo-column-1\">t.gif<\/td><td class=\"cookielawinfo-column-4\"><p class=\"p1\">Stellt sicher, dass die Produktbilder auf der Website korrekt dargestellt werden .<\/p><\/td><\/tr><tr class=\"cookielawinfo-row\"><td class=\"cookielawinfo-column-1\">tk_ai<\/td><td class=\"cookielawinfo-column-4\">Registriert Daten auf dem Webseite-Verhalten der Besucher. Dies wird f\u00fcr interne Analysen und Webseite-Optimierung verwendet.<\/td><\/tr><tr class=\"cookielawinfo-row\"><td class=\"cookielawinfo-column-1\">tk_lr<\/td><td class=\"cookielawinfo-column-4\"><p class=\"p1\">Sammelt Daten \u00fcber Pr\u00e4ferenzen und Verhalten der Besucher auf der Webseite -Diese Informationen we rden verwendet, um Inhalte und Werbung f\u00fcr den jeweiligen Besucher relevanter zu machen.<\/p>\r\n&nbsp;<\/td><\/tr><tr class=\"cookielawinfo-row\"><td class=\"cookielawinfo-column-1\">tk_or<\/td><td class=\"cookielawinfo-column-4\">Sammelt Daten \u00fcber Pr\u00e4ferenzen und Verhalten der Besucher auf der Webseite -Diese Informationen werden verwendet, um Inhalte und Werbung f\u00fcr den jeweiligen Besucher relevanter zu machen.<\/td><\/tr><tr class=\"cookielawinfo-row\"><td class=\"cookielawinfo-column-1\">tk_qs<\/td><td class=\"cookielawinfo-column-4\">Registriert Daten auf dem Webseite-Verhalten der Besucher. Dies wird f\u00fcr interne Analysen und Webseite-Optimierung verwendet.<\/td><\/tr><tr class=\"cookielawinfo-row\"><td class=\"cookielawinfo-column-1\">tk_r3d<\/td><td class=\"cookielawinfo-column-4\">Sammelt Daten \u00fcber Pr\u00e4ferenzen und Verhalten der Besucher auf der Webseite -Diese Informationen werden verwendet, um Inhalte und Werbung f\u00fcr den jeweiligen Besucher relevanter zu machen.<\/td><\/tr><tr class=\"cookielawinfo-row\"><td class=\"cookielawinfo-column-1\">tk_tc<\/td><td class=\"cookielawinfo-column-4\">Sammelt Daten \u00fcber Pr\u00e4ferenzen und Verhalten der Besucher auf der Webseite -Diese Informationen werden verwendet, um Inhalte und Werbung f\u00fcr den jeweiligen Besucher relevanter zu machen.<\/td><\/tr><tr class=\"cookielawinfo-row\"><td class=\"cookielawinfo-column-1\">wc_cart_hash_#<\/td><td class=\"cookielawinfo-column-4\">Warenkorb Cookie WooCommerce<\/td><\/tr><tr class=\"cookielawinfo-row\"><td class=\"cookielawinfo-column-1\">wc_fragments_#<\/td><td class=\"cookielawinfo-column-4\"><\/td><\/tr><tr class=\"cookielawinfo-row\"><td class=\"cookielawinfo-column-1\">_fbp<\/td><td class=\"cookielawinfo-column-4\">Dieses Cookie wird von Facebook gesetzt, um Werbung auszuliefern, wenn sie nach dem Besuch dieser Website auf Facebook oder einer digitalen Plattform, die von Facebook-Werbung unterst\u00fctzt wird, sind.<\/td><\/tr><\/tbody><\/table>\n<\/div>\n<h3><\/h3>\n<h3><\/h3>\n<h3>Wie kann ich die Cookie-Einstellungen kontrollieren?<\/h3>\n<div>\n<p>Sollten Sie Ihre Einstellungen sp\u00e4ter \u00e4ndern wollen, k\u00f6nnen Sie auf Ihrem Bildschirm auf die Registerkarte &#8222;Datenschutz und Cookie-Richtlinie&#8220; klicken. Dadurch wird der Hinweis auf die Einwilligung erneut angezeigt, so dass Sie Ihre Einstellungen \u00e4ndern oder Ihre Einwilligung vollst\u00e4ndig widerrufen k\u00f6nnen.<\/p>\n<p>Dar\u00fcber hinaus bieten die verschiedenen Browser unterschiedliche Methoden zum Blockieren und L\u00f6schen von Cookies, die von Websites verwendet werden. Sie k\u00f6nnen die Einstellungen Ihres Browsers \u00e4ndern, um die Cookies zu blockieren\/l\u00f6schen. Weitere Informationen \u00fcber die Verwaltung und L\u00f6schung von Cookies finden Sie unter wikipedia.org, www.allaboutcookies.org.<\/p>\n<\/div>\n<\/div>\n","protected":false},"excerpt":{"rendered":"<p>\u00dcber diese Richtlinie In dieser Cookie-Richtlinie wird erkl\u00e4rt, was Cookies sind und wie wir sie verwenden, welche Arten von Cookies wir verwenden, welche Informationen wir mit Hilfe von Cookies sammeln und wie diese Informationen verwendet werden, und wie Sie die Cookie-Einstellungen steuern k\u00f6nnen. Weitere Informationen dar\u00fcber, wie wir Ihre pers\u00f6nlichen [&hellip;]<\/p>\n","protected":false},"author":1,"featured_media":0,"parent":0,"menu_order":0,"comment_status":"closed","ping_status":"closed","template":"","meta":[],"_links":{"self":[{"href":"https:\/\/stuntt-boardwear.com\/shop\/wp-json\/wp\/v2\/pages\/6206"}],"collection":[{"href":"https:\/\/stuntt-boardwear.com\/shop\/wp-json\/wp\/v2\/pages"}],"about":[{"href":"https:\/\/stuntt-boardwear.com\/shop\/wp-json\/wp\/v2\/types\/page"}],"author":[{"embeddable":true,"href":"https:\/\/stuntt-boardwear.com\/shop\/wp-json\/wp\/v2\/users\/1"}],"replies":[{"embeddable":true,"href":"https:\/\/stuntt-boardwear.com\/shop\/wp-json\/wp\/v2\/comments?post=6206"}],"version-history":[{"count":0,"href":"https:\/\/stuntt-boardwear.com\/shop\/wp-json\/wp\/v2\/pages\/6206\/revisions"}],"wp:attachment":[{"href":"https:\/\/stuntt-boardwear.com\/shop\/wp-json\/wp\/v2\/media?parent=6206"}],"curies":[{"name":"wp","href":"https:\/\/api.w.org\/{rel}","templated":true}]}}