{"id":5984,"date":"2020-10-18T18:41:23","date_gmt":"2020-10-18T18:41:23","guid":{"rendered":"https:\/\/stuntt-boardwear.com\/?page_id=5984"},"modified":"2020-10-18T19:04:42","modified_gmt":"2020-10-18T19:04:42","slug":"versandkosten","status":"publish","type":"page","link":"https:\/\/stuntt-boardwear.com\/shop\/versandkosten\/","title":{"rendered":"VERSANDKOSTEN"},"content":{"rendered":"\n<h2>VERSAND NACH DEUTSCHLAND<\/h2>\n\n\n\n<p><strong>Alle Lieferungen, egal mit welchem Dienstleister, sind f\u00fcr Dich kostenlos!<\/strong><\/p>\n\n\n\n<p>Wir versenden standardm\u00e4\u00dfig mit den folgenden Versanddienstleistern:<\/p>\n\n\n\n<ul><li><strong>Hermes<\/strong><\/li><li><strong>DHL<\/strong><\/li><li><strong>UPS<\/strong><\/li><li><strong>DPD<\/strong><\/li><\/ul>\n\n\n\n<p>Die Auswahl des jeweiligen Dienstleisters liegt dabei in unserem Ermessen.<\/p>\n\n\n\n<p>Weitere Infos findest Du in unseren&nbsp;<a rel=\"noreferrer noopener\" href=\"https:\/\/stuntt-boardwear.com\/agb\/\" target=\"_blank\">AGB<\/a><\/p>\n\n\n\n<div style=\"height:50px\" aria-hidden=\"true\" class=\"wp-block-spacer\"><\/div>\n\n\n\n<h2>VERSAND NACH EUROPA<\/h2>\n\n\n\n<p>In Europa beliefern wir aktuell die folgenden L\u00e4nder: Belgien, D\u00e4nemark, Finnland, Frankreich, Irland, Italien, Kroatien, Luxemburg, Monaco, Niederlande, Polen, Portugal, Schweden und Spanien.<\/p>\n\n\n\n<p><strong>F\u00fcr Lieferungen in die genannten L\u00e4nder berechnen wir eine Versandkostenpauschale von 14,95 \u20ac.<\/strong><\/p>\n\n\n\n<p><strong>Ab einem Mindestbestellwert von 150,00 \u20ac ist die Bestellung versandkostenfrei<\/strong><\/p>\n\n\n\n<p>Die Auswahl des jeweiligen Dienstleisters liegt dabei in unserem Ermessen.<\/p>\n\n\n\n<div style=\"height:50px\" aria-hidden=\"true\" class=\"wp-block-spacer\"><\/div>\n\n\n\n<h2>VERSAND IN DIE USA &amp; KANADA<\/h2>\n\n\n\n<p><strong>F\u00fcr Lieferungen in die USA oder nach Kanada berechnen wir eine Versandkostenpauschale von 34,95 \u20ac.<\/strong><\/p>\n\n\n\n<p><strong>Ab einem Mindestbestellwert von 300,00 \u20ac ist die Bestellung versandkostenfrei<\/strong><\/p>\n\n\n\n<p>Die Auswahl des jeweiligen Dienstleisters liegt dabei in unserem Ermessen.<\/p>\n","protected":false},"excerpt":{"rendered":"<p>VERSAND NACH DEUTSCHLAND Alle Lieferungen, egal mit welchem Dienstleister, sind f\u00fcr Dich kostenlos! Wir versenden standardm\u00e4\u00dfig mit den folgenden Versanddienstleistern: Hermes DHL UPS DPD Die Auswahl des jeweiligen Dienstleisters liegt dabei in unserem Ermessen. Weitere Infos findest Du in unseren&nbsp;AGB VERSAND NACH EUROPA In Europa beliefern wir aktuell die folgenden [&hellip;]<\/p>\n","protected":false},"author":1,"featured_media":0,"parent":0,"menu_order":0,"comment_status":"closed","ping_status":"closed","template":"page-templates\/template-fullwidth.php","meta":[],"_links":{"self":[{"href":"https:\/\/stuntt-boardwear.com\/shop\/wp-json\/wp\/v2\/pages\/5984"}],"collection":[{"href":"https:\/\/stuntt-boardwear.com\/shop\/wp-json\/wp\/v2\/pages"}],"about":[{"href":"https:\/\/stuntt-boardwear.com\/shop\/wp-json\/wp\/v2\/types\/page"}],"author":[{"embeddable":true,"href":"https:\/\/stuntt-boardwear.com\/shop\/wp-json\/wp\/v2\/users\/1"}],"replies":[{"embeddable":true,"href":"https:\/\/stuntt-boardwear.com\/shop\/wp-json\/wp\/v2\/comments?post=5984"}],"version-history":[{"count":0,"href":"https:\/\/stuntt-boardwear.com\/shop\/wp-json\/wp\/v2\/pages\/5984\/revisions"}],"wp:attachment":[{"href":"https:\/\/stuntt-boardwear.com\/shop\/wp-json\/wp\/v2\/media?parent=5984"}],"curies":[{"name":"wp","href":"https:\/\/api.w.org\/{rel}","templated":true}]}}