{"id":4664,"date":"2020-03-22T15:33:15","date_gmt":"2020-03-22T15:33:15","guid":{"rendered":"https:\/\/stuntt-boardwear.com\/agb\/"},"modified":"2020-10-09T12:29:35","modified_gmt":"2020-10-09T12:29:35","slug":"agb","status":"publish","type":"page","link":"https:\/\/stuntt-boardwear.com\/shop\/agb\/","title":{"rendered":"AGB"},"content":{"rendered":"\n<ul><li><strong>Geltungsbereich<\/strong><\/li><li><strong>Vertragspartner<\/strong><\/li><li><strong>Vertragsschluss<\/strong><\/li><li><strong>Widerrufsrecht<\/strong><\/li><li><strong>Preise und Versandkosten<\/strong><\/li><li><strong>Lieferung<\/strong><\/li><li><strong>Zahlung<\/strong><\/li><li><strong>Eigentumsvorbehalt<\/strong><\/li><li><strong>Streitbeilegung<\/strong><\/li><\/ul>\n\n\n\n<h2>Allgemeine Gesch\u00e4ftsbedingungen<\/h2>\n\n\n\n<ul><li><strong>Geltungsbereich<br><\/strong>F\u00fcr alle alle Vertragsabschl\u00fcsse mit Verbrauchern und f\u00fcr alle hierauf basierenden Lieferungen von STUNTT Boardwear Kira B\u00fcsching Design (nachfolgend: \u201eSTUNTT\u201c) an Verbraucher gelten diese Allgemeinen Gesch\u00e4ftsbedingungen (nachfolgend:AGB).<br>Verbraucher ist jede nat\u00fcrliche Person, die ein Rechtsgesch\u00e4ft zu einem Zwecke abschlie\u00dft, der \u00fcberwiegend weder ihrer gewerblichen noch ihrer selbstst\u00e4ndigen beruflichen T\u00e4tigkeit zugerechnet werden kann. <br>Unsere Verkaufs- und Lieferbedingungen gelten ausschlie\u00dflich; entgegenstehende oder von unseren AGB abweichende Bedingungen des Kunden erkennen wir nicht an, es sei denn, wir h\u00e4tten ausdr\u00fccklich schriftlich ihrer Geltung zugestimmt.<br><\/li><li><strong>Vertragspartner<br><\/strong>Der Kaufvertrag kommt zustande mit Kira B\u00fcsching Design, Inhaber: Kira B\u00fcsching, Von-Trips-Stra\u00dfe 31, 52249 Eschweiler<\/li><li><strong>Vertragsschluss<\/strong><ul><li>Die Darstellung der Produkte im Online-Shop stellt kein rechtlich bindendes Angebot, sondern nur eine Aufforderung zur Bestellung dar.<\/li><\/ul><ul><li>Durch Anklicken des Buttons [JETZT KAUFEN] geben Sie eine verbindliche Bestellung der auf der Bestellseite aufgelisteten Waren ab. Der Kaufvertrag kommt erst zustande, wenn wir Ihre Bestellung durch eine Auftragsbest\u00e4tigung per E-Mail innerhalb von 2 Werktagen nach dem Erhalt Ihrer Bestellung annehmen.<\/li><\/ul><\/li><li><strong>Widerrufsrecht<\/strong><ul><li>Wenn Sie Verbraucher sind (also eine nat\u00fcrliche Person, die die Bestellung zu einem Zweck abgibt, der weder Ihrer gewerblichen oder selbst\u00e4ndigen beruflichen T\u00e4tigkeit zugerechnet werden kann), steht Ihnen nach Ma\u00dfgabe der gesetzlichen Bestimmungen ein Widerrufsrecht zu.<\/li><\/ul><ul><li>Machen Sie als Verbraucher von Ihrem Widerrufsrecht nach Ziffer 4.1 Gebrauch, so haben Sie die regelm\u00e4\u00dfigen Kosten der R\u00fccksendung zu tragen.<\/li><li>Im \u00dcbrigen gelten f\u00fcr das Widerrufsrecht die folgenden Regelungen, die im Einzelnen auch in der <a rel=\"noreferrer noopener\" href=\"https:\/\/stuntt-boardwear.com\/widerrufsbelehrung\/\" target=\"_blank\">Widerrufsbelehrung<\/a> wiedergegeben sind:<ul><li>Sie haben das Recht, binnen vierzehn Tagen ohne Angabe von Gr\u00fcnden diesen Vertrag zu widerrufen.<\/li><li>Die Widerrufsfrist betr\u00e4gt vierzehn Tage ab dem Tag,&nbsp;an dem Sie oder ein von Ihnen benannter Dritter, der nicht der Bef\u00f6rderer ist, die Waren in Besitz genommen haben bzw. hat. Sollten Sie mehrere Waren im Rahmen einer einheitlichen Bestellung bestellt haben, welche getrennt geliefert werden, beginnt die Frist an dem Tag, an dem Sie oder ein von Ihnen benannter Dritter, der nicht der Bef\u00f6rderer ist, die letzte Ware in Besitz genommen haben bzw. hat.<\/li><li>Um Ihr Widerrufsrecht auszu\u00fcben, m\u00fcssen Sie uns (Kira B\u00fcsching Design, Von-Trips-Stra\u00dfe 31, 52249 Eschweiler, info@stuntt-boardwear.com) mittels einer eindeutigen Erkl\u00e4rung (z. B. ein mit der Post versandter Brief, Telefax oder E-Mail) \u00fcber Ihren Entschluss, diesen Vertrag zu widerrufen, informieren. Sie k\u00f6nnen das Muster-Widerrufsformular oder eine andere eindeutige Erkl\u00e4rung auch auf unserer Webseite https:\/\/stuntt-boardwear.com elektronisch ausf\u00fcllen und \u00fcbermitteln. Machen Sie von dieser M\u00f6glichkeit Gebrauch, so werden wir Ihnen unverz\u00fcglich (z. B. per E-Mail) eine Best\u00e4tigung \u00fcber den Eingang eines solchen Widerrufs \u00fcbermitteln.<\/li><li>Zur Wahrung der Widerrufsfrist reicht es aus, dass Sie die Mitteilung \u00fcber die Aus\u00fcbung des Widerrufsrechts vor Ablauf der Widerrufsfrist absenden.<\/li><\/ul><\/li><li><strong>Folgen des Widerrufs<\/strong><ul><li>Wenn Sie diesen Vertrag widerrufen, haben wir Ihnen alle Zahlungen, die wir von Ihnen erhalten haben, einschlie\u00dflich der Lieferkosten (mit Ausnahme der zus\u00e4tzlichen Kosten, die sich daraus ergeben, dass Sie eine andere Art der Lieferung als die von uns angebotene, g\u00fcnstigste Standardlieferung gew\u00e4hlt haben), unverz\u00fcglich und sp\u00e4testens binnen vierzehn Tagen ab dem Tag zur\u00fcckzuzahlen, an dem die Mitteilung \u00fcber Ihren Widerruf dieses Vertrags bei uns eingegangen ist. F\u00fcr diese R\u00fcckzahlung verwenden wir dasselbe Zahlungsmittel, das Sie bei der urspr\u00fcnglichen Transaktion eingesetzt haben, es sei denn, mit Ihnen wurde ausdr\u00fccklich etwas anderes vereinbart; in keinem Fall werden Ihnen wegen dieser R\u00fcckzahlung Entgelte berechnet. Wir k\u00f6nnen die R\u00fcckzahlung verweigern, bis wir die Waren wieder zur\u00fcckerhalten haben oder bis Sie den Nachweis erbracht haben, dass Sie die Waren zur\u00fcckgesandt haben, je nachdem, welches der fr\u00fchere Zeitpunkt ist.<\/li><li>Sie haben die Waren unverz\u00fcglich und in jedem Fall sp\u00e4testens binnen vierzehn Tagen ab dem Tag, an dem Sie uns \u00fcber den Widerruf dieses Vertrags unterrichten, an uns zur\u00fcckzusenden oder zu \u00fcbergeben. Die Frist ist gewahrt, wenn Sie die Waren vor Ablauf der Frist von vierzehn Tagen absenden.<\/li><li>Sie m\u00fcssen f\u00fcr einen etwaigen Wertverlust der Waren nur aufkommen, wenn dieser Wertverlust auf einen zur Pr\u00fcfung der Beschaffenheit, Eigenschaften und Funktionsweise der Waren nicht notwendigen Umgang mit ihnen zur\u00fcckzuf\u00fchren ist.<\/li><\/ul><\/li><\/ul><\/li><\/ul>\n\n\n\n<ul><li><strong>Preise und Versandkosten<\/strong><ul><li>Die auf den Produktseiten genannten Preise enthalten die jeweils g\u00fcltige, gesetzliche Mehrwertsteuer und sonstige Preisbestandteile.<\/li><li>Zus\u00e4tzlich zu den angegebenen Preisen berechnen wir f\u00fcr die Lieferung innerhalb Deutschlands keine weiteren Versandkosten.<\/li><\/ul><\/li><\/ul>\n\n\n\n<ul><li><strong>Lieferung<\/strong><ul><li>Die Lieferung erfolgt nur innerhalb Deutschlands mit DHL, Hermes, DPD oder UPS nach unserer Wahl.<\/li><li>Die Lieferzeit betr\u00e4gt bis zu 14 Tage ab Bestellung, da es sich um nach der jeweiligen Bestellung veredelte oder bedruckte Waren handelt. Auf eventuell abweichende Verz\u00f6gerungen weisen wir auf der jeweiligen Produktseite hin.<\/li><li>Bitte beachten Sie, dass wir auf die eigentlichen Lieferzeiten der Versandunternehmen keinen Einfluss haben.<\/li><\/ul><\/li><\/ul>\n\n\n\n<ul><li><strong>Zahlung<\/strong><ul><li>Die Zahlung erfolgt per Vorkasse (\u00dcberweisung oder PayPal). <\/li><li>Wir nennen Ihnen unsere Bankverbindung in der Auftragsbest\u00e4tigung oder Sie nutzen PayPal f\u00fcr die Zahlung und wir liefern die Ware nach Zahlungseingang.<\/li><\/ul><\/li><\/ul>\n\n\n\n<ul><li><strong>Eigentumsvorbehalt<\/strong><ul><li>Bis zur vollst\u00e4ndigen Zahlung bleibt die Ware unser Eigentum.<\/li><\/ul><\/li><\/ul>\n\n\n\n<ul><li><strong>Streitbeilegung<\/strong><ul><li>Wir sind nicht bereit oder verpflichtet, an Streitbeilegungsverfahren vor einer Verbraucherschlichtungsstelle teilzunehmen.<\/li><\/ul><\/li><\/ul>\n","protected":false},"excerpt":{"rendered":"<p>Geltungsbereich Vertragspartner Vertragsschluss Widerrufsrecht Preise und Versandkosten Lieferung Zahlung Eigentumsvorbehalt Streitbeilegung Allgemeine Gesch\u00e4ftsbedingungen GeltungsbereichF\u00fcr alle alle Vertragsabschl\u00fcsse mit Verbrauchern und f\u00fcr alle hierauf basierenden Lieferungen von STUNTT Boardwear Kira B\u00fcsching Design (nachfolgend: \u201eSTUNTT\u201c) an Verbraucher gelten diese Allgemeinen Gesch\u00e4ftsbedingungen (nachfolgend:AGB).Verbraucher ist jede nat\u00fcrliche Person, die ein Rechtsgesch\u00e4ft zu einem Zwecke [&hellip;]<\/p>\n","protected":false},"author":1,"featured_media":0,"parent":0,"menu_order":0,"comment_status":"closed","ping_status":"closed","template":"","meta":[],"_links":{"self":[{"href":"https:\/\/stuntt-boardwear.com\/shop\/wp-json\/wp\/v2\/pages\/4664"}],"collection":[{"href":"https:\/\/stuntt-boardwear.com\/shop\/wp-json\/wp\/v2\/pages"}],"about":[{"href":"https:\/\/stuntt-boardwear.com\/shop\/wp-json\/wp\/v2\/types\/page"}],"author":[{"embeddable":true,"href":"https:\/\/stuntt-boardwear.com\/shop\/wp-json\/wp\/v2\/users\/1"}],"replies":[{"embeddable":true,"href":"https:\/\/stuntt-boardwear.com\/shop\/wp-json\/wp\/v2\/comments?post=4664"}],"version-history":[{"count":0,"href":"https:\/\/stuntt-boardwear.com\/shop\/wp-json\/wp\/v2\/pages\/4664\/revisions"}],"wp:attachment":[{"href":"https:\/\/stuntt-boardwear.com\/shop\/wp-json\/wp\/v2\/media?parent=4664"}],"curies":[{"name":"wp","href":"https:\/\/api.w.org\/{rel}","templated":true}]}}